{"id":238,"date":"2024-04-29T17:29:13","date_gmt":"2024-04-29T15:29:13","guid":{"rendered":"https:\/\/asesoriaodara.com\/?page_id=238"},"modified":"2024-06-28T12:13:57","modified_gmt":"2024-06-28T10:13:57","slug":"aviso-legal","status":"publish","type":"page","link":"https:\/\/asesoriaodara.com\/index.php\/aviso-legal\/","title":{"rendered":"Aviso legal"},"content":{"rendered":"\n[et_pb_section fb_built=\u00bb1&#8243; _builder_version=\u00bb4.25.0&#8243; _module_preset=\u00bbdefault\u00bb global_colors_info=\u00bb{}\u00bb][et_pb_row _builder_version=\u00bb4.25.0&#8243; _module_preset=\u00bbdefault\u00bb global_colors_info=\u00bb{}\u00bb][et_pb_column type=\u00bb4_4&#8243; _builder_version=\u00bb4.25.0&#8243; _module_preset=\u00bbdefault\u00bb global_colors_info=\u00bb{}\u00bb][et_pb_text _builder_version=\u00bb4.25.0&#8243; _module_preset=\u00bbdefault\u00bb global_colors_info=\u00bb{}\u00bb]<header class=\"page-header\">\n<h1 class=\"wp-block-heading\"><\/h1>\n<h1 class=\"wp-block-heading\"><\/h1>\n<h1 class=\"wp-block-heading\"><\/h1>\n<h1 class=\"wp-block-heading\"><\/h1>\n<h1 class=\"wp-block-heading\"><\/h1>\n<h1 class=\"wp-block-heading\">AVISO LEGAL<\/h1>\n<\/header>\n<section id=\"content\" class=\"page-content page-cms page-cms-3\">Nombre de la razon social\u00a0, recopila, trata y almacena informaci\u00f3n personal a trav\u00e9s de la web de su propiedad<strong> <a href=\"http:\/\/www.asesoriaodara.com\">www.asesoriaodara.com<\/a><\/strong><\/section>\n<section class=\"page-content page-cms page-cms-3\">\n<p>&nbsp;<\/p>\n<p>Esta informaci\u00f3n ser\u00e1 relativa a los usuarios de la web. La informaci\u00f3n se recopilar\u00e1, tratara y almacenar\u00e1 conforme a la presente Pol\u00edtica de Privacidad.<\/p>\n<p>Esta Pol\u00edtica de Privacidad fue actualizada el 01\/04\/2024.<\/p>\n<p><b>RESPONSABLE LEGAL<\/b><\/p>\n<p>Nombre empresa: <span>Asesor\u00eda Odara<\/span><br \/>Raz\u00f3n social: <span>Asesor\u00eda Odara, S. L.<\/span><br \/>NIF: <span>B40561508<\/span><br \/>Direcci\u00f3n: C\/ Joaqu\u00edn Costa, 54-2\u00ba, pta. 2. 46005 Ensanche, Valencia<br \/>Tel\u00e9fono: <span>963035085<\/span><br \/>Email: <a href=\"mailto:propuestas.profesionales@asesoriaodara.com\" target=\"_blank\" rel=\"noopener noreferrer\">info@asesoriaodara.com<\/a><\/p>\n<p><b>LEYES DE APLICACI\u00d3N EN ESTA WEB<\/b><\/p>\n<p>RGPD (Reglamento (UE) 2016\/679 del Parlamento Europeo y del Consejo de 27 de abril de 2016 relativo a la protecci\u00f3n de las personas f\u00edsicas)<\/p>\n<p>LOPD (Ley Org\u00e1nica 15\/1999, de 13 de diciembre, de Protecci\u00f3n de Datos de Car\u00e1cter Personal y Real Decreto 1720\/2007, de 21 de diciembre, Reglamento de desarrollo de la LOPD)<\/p>\n<p>LSSI (Ley 34\/2002, de 11 de julio, de Servicios de la Sociedad de la Informaci\u00f3n y Comercio Electr\u00f3nico)<\/p>\n<\/section>[\/et_pb_text][\/et_pb_column][\/et_pb_row][\/et_pb_section]\n","protected":false},"excerpt":{"rendered":"<p>AVISO LEGAL Nombre de la razon social\u00a0, recopila, trata y almacena informaci\u00f3n personal a trav\u00e9s de la web de su propiedad www.asesoriaodara.com &nbsp; Esta informaci\u00f3n ser\u00e1 relativa a los usuarios de la web. La informaci\u00f3n se recopilar\u00e1, tratara y almacenar\u00e1 conforme a la presente Pol\u00edtica de Privacidad. Esta Pol\u00edtica de Privacidad fue actualizada el 01\/04\/2024. [&hellip;]<\/p>\n","protected":false},"author":1,"featured_media":0,"parent":0,"menu_order":0,"comment_status":"closed","ping_status":"closed","template":"","meta":{"_et_pb_use_builder":"on","_et_pb_old_content":"","_et_gb_content_width":"","footnotes":""},"class_list":["post-238","page","type-page","status-publish","hentry"],"yoast_head":"<!-- This site is optimized with the Yoast SEO plugin v26.2 - https:\/\/yoast.com\/wordpress\/plugins\/seo\/ -->\n<title>Aviso legal - Asesoria Odara<\/title>\n<meta name=\"description\" content=\"AVISO LEGAL\" \/>\n<meta name=\"robots\" content=\"index, follow, max-snippet:-1, max-image-preview:large, max-video-preview:-1\" \/>\n<link rel=\"canonical\" href=\"https:\/\/asesoriaodara.com\/index.php\/aviso-legal\/\" \/>\n<meta property=\"og:locale\" content=\"es_ES\" \/>\n<meta property=\"og:type\" content=\"article\" \/>\n<meta property=\"og:title\" content=\"Aviso legal - Asesoria Odara\" \/>\n<meta property=\"og:description\" content=\"AVISO LEGAL\" \/>\n<meta property=\"og:url\" content=\"https:\/\/asesoriaodara.com\/index.php\/aviso-legal\/\" \/>\n<meta property=\"og:site_name\" content=\"Asesoria Odara\" \/>\n<meta property=\"article:publisher\" content=\"https:\/\/www.instagram.com\/odara_asesoria\/\" \/>\n<meta property=\"article:modified_time\" content=\"2024-06-28T10:13:57+00:00\" \/>\n<meta name=\"twitter:card\" content=\"summary_large_image\" \/>\n<meta name=\"twitter:label1\" content=\"Tiempo de lectura\" \/>\n\t<meta name=\"twitter:data1\" content=\"1 minuto\" \/>\n<script type=\"application\/ld+json\" class=\"yoast-schema-graph\">{\"@context\":\"https:\/\/schema.org\",\"@graph\":[{\"@type\":\"WebPage\",\"@id\":\"https:\/\/asesoriaodara.com\/index.php\/aviso-legal\/\",\"url\":\"https:\/\/asesoriaodara.com\/index.php\/aviso-legal\/\",\"name\":\"Aviso legal - Asesoria Odara\",\"isPartOf\":{\"@id\":\"https:\/\/asesoriaodara.com\/#website\"},\"datePublished\":\"2024-04-29T15:29:13+00:00\",\"dateModified\":\"2024-06-28T10:13:57+00:00\",\"description\":\"AVISO LEGAL\",\"breadcrumb\":{\"@id\":\"https:\/\/asesoriaodara.com\/index.php\/aviso-legal\/#breadcrumb\"},\"inLanguage\":\"es\",\"potentialAction\":[{\"@type\":\"ReadAction\",\"target\":[\"https:\/\/asesoriaodara.com\/index.php\/aviso-legal\/\"]}]},{\"@type\":\"BreadcrumbList\",\"@id\":\"https:\/\/asesoriaodara.com\/index.php\/aviso-legal\/#breadcrumb\",\"itemListElement\":[{\"@type\":\"ListItem\",\"position\":1,\"name\":\"Portada\",\"item\":\"https:\/\/asesoriaodara.com\/\"},{\"@type\":\"ListItem\",\"position\":2,\"name\":\"Aviso legal\"}]},{\"@type\":\"WebSite\",\"@id\":\"https:\/\/asesoriaodara.com\/#website\",\"url\":\"https:\/\/asesoriaodara.com\/\",\"name\":\"Asesoria Odara\",\"description\":\"\",\"potentialAction\":[{\"@type\":\"SearchAction\",\"target\":{\"@type\":\"EntryPoint\",\"urlTemplate\":\"https:\/\/asesoriaodara.com\/?s={search_term_string}\"},\"query-input\":{\"@type\":\"PropertyValueSpecification\",\"valueRequired\":true,\"valueName\":\"search_term_string\"}}],\"inLanguage\":\"es\"}]}<\/script>\n<!-- \/ Yoast SEO plugin. -->","yoast_head_json":{"title":"Aviso legal - Asesoria Odara","description":"AVISO LEGAL","robots":{"index":"index","follow":"follow","max-snippet":"max-snippet:-1","max-image-preview":"max-image-preview:large","max-video-preview":"max-video-preview:-1"},"canonical":"https:\/\/asesoriaodara.com\/index.php\/aviso-legal\/","og_locale":"es_ES","og_type":"article","og_title":"Aviso legal - Asesoria Odara","og_description":"AVISO LEGAL","og_url":"https:\/\/asesoriaodara.com\/index.php\/aviso-legal\/","og_site_name":"Asesoria Odara","article_publisher":"https:\/\/www.instagram.com\/odara_asesoria\/","article_modified_time":"2024-06-28T10:13:57+00:00","twitter_card":"summary_large_image","twitter_misc":{"Tiempo de lectura":"1 minuto"},"schema":{"@context":"https:\/\/schema.org","@graph":[{"@type":"WebPage","@id":"https:\/\/asesoriaodara.com\/index.php\/aviso-legal\/","url":"https:\/\/asesoriaodara.com\/index.php\/aviso-legal\/","name":"Aviso legal - Asesoria Odara","isPartOf":{"@id":"https:\/\/asesoriaodara.com\/#website"},"datePublished":"2024-04-29T15:29:13+00:00","dateModified":"2024-06-28T10:13:57+00:00","description":"AVISO LEGAL","breadcrumb":{"@id":"https:\/\/asesoriaodara.com\/index.php\/aviso-legal\/#breadcrumb"},"inLanguage":"es","potentialAction":[{"@type":"ReadAction","target":["https:\/\/asesoriaodara.com\/index.php\/aviso-legal\/"]}]},{"@type":"BreadcrumbList","@id":"https:\/\/asesoriaodara.com\/index.php\/aviso-legal\/#breadcrumb","itemListElement":[{"@type":"ListItem","position":1,"name":"Portada","item":"https:\/\/asesoriaodara.com\/"},{"@type":"ListItem","position":2,"name":"Aviso legal"}]},{"@type":"WebSite","@id":"https:\/\/asesoriaodara.com\/#website","url":"https:\/\/asesoriaodara.com\/","name":"Asesoria Odara","description":"","potentialAction":[{"@type":"SearchAction","target":{"@type":"EntryPoint","urlTemplate":"https:\/\/asesoriaodara.com\/?s={search_term_string}"},"query-input":{"@type":"PropertyValueSpecification","valueRequired":true,"valueName":"search_term_string"}}],"inLanguage":"es"}]}},"_links":{"self":[{"href":"https:\/\/asesoriaodara.com\/index.php\/wp-json\/wp\/v2\/pages\/238","targetHints":{"allow":["GET"]}}],"collection":[{"href":"https:\/\/asesoriaodara.com\/index.php\/wp-json\/wp\/v2\/pages"}],"about":[{"href":"https:\/\/asesoriaodara.com\/index.php\/wp-json\/wp\/v2\/types\/page"}],"author":[{"embeddable":true,"href":"https:\/\/asesoriaodara.com\/index.php\/wp-json\/wp\/v2\/users\/1"}],"replies":[{"embeddable":true,"href":"https:\/\/asesoriaodara.com\/index.php\/wp-json\/wp\/v2\/comments?post=238"}],"version-history":[{"count":9,"href":"https:\/\/asesoriaodara.com\/index.php\/wp-json\/wp\/v2\/pages\/238\/revisions"}],"predecessor-version":[{"id":806,"href":"https:\/\/asesoriaodara.com\/index.php\/wp-json\/wp\/v2\/pages\/238\/revisions\/806"}],"wp:attachment":[{"href":"https:\/\/asesoriaodara.com\/index.php\/wp-json\/wp\/v2\/media?parent=238"}],"curies":[{"name":"wp","href":"https:\/\/api.w.org\/{rel}","templated":true}]}}