{"id":84,"date":"2024-04-29T11:52:07","date_gmt":"2024-04-29T09:52:07","guid":{"rendered":"https:\/\/asesoriaodara.com\/?page_id=84"},"modified":"2024-06-28T12:14:13","modified_gmt":"2024-06-28T10:14:13","slug":"asesoria-laboral-fiscal-y-contable","status":"publish","type":"page","link":"https:\/\/asesoriaodara.com\/index.php\/asesoria-laboral-fiscal-y-contable\/","title":{"rendered":"Asesor\u00eda Laboral, Fiscal y Contable"},"content":{"rendered":"<p>[et_pb_section fb_built=\u00bb1&#8243; admin_label=\u00bbHeader\u00bb _builder_version=\u00bb4.25.0&#8243; _module_preset=\u00bbdefault\u00bb use_background_color_gradient=\u00bbon\u00bb background_color_gradient_stops=\u00bbrgba(10,10,10,0.5) 0%|rgba(0,0,0,0.6) 100%\u00bb background_color_gradient_overlays_image=\u00bbon\u00bb background_image=\u00bbhttps:\/\/asesoriaodara.com\/wp-content\/uploads\/2024\/04\/17Jg0eIUepKYUJQ8XmDX0sgDJQEIoDPvKs2048.png\u00bb parallax=\u00bbon\u00bb custom_padding=\u00bb14vw||4vw||false|false\u00bb locked=\u00bboff\u00bb collapsed=\u00bbon\u00bb global_colors_info=\u00bb{}\u00bb][et_pb_row _builder_version=\u00bb4.24.3&#8243; _module_preset=\u00bbdefault\u00bb width=\u00bb50%\u00bb width_tablet=\u00bb80%\u00bb width_phone=\u00bb80%\u00bb width_last_edited=\u00bbon|desktop\u00bb max_width=\u00bbnone\u00bb global_colors_info=\u00bb{}\u00bb][et_pb_column type=\u00bb4_4&#8243; _builder_version=\u00bb4.24.3&#8243; _module_preset=\u00bbdefault\u00bb global_colors_info=\u00bb{}\u00bb][et_pb_heading title=\u00bbAsesor\u00eda Laboral, Fiscal y Contable\u00bb _builder_version=\u00bb4.25.0&#8243; _module_preset=\u00bbfcb2d3ef-43c9-41a4-96b5-6ed3ffb2cc42&#8243; title_text_align=\u00bbcenter\u00bb title_text_color=\u00bb#FFFFFF\u00bb title_font_size=\u00bb5vw\u00bb global_colors_info=\u00bb{}\u00bb][\/et_pb_heading][et_pb_button button_url=\u00bb@ET-DC@eyJkeW5hbWljIjp0cnVlLCJjb250ZW50IjoicG9zdF9saW5rX3VybF9wYWdlIiwic2V0dGluZ3MiOnsicG9zdF9pZCI6IjgwIn19@\u00bb button_text=\u00bbContacto\u00bb button_alignment=\u00bbcenter\u00bb _builder_version=\u00bb4.25.0&#8243; _dynamic_attributes=\u00bbbutton_url\u00bb _module_preset=\u00bbd70a0147-ecb3-4e18-8260-1671a6dff2d7&#8243; hover_enabled=\u00bb0&#8243; global_colors_info=\u00bb{}\u00bb sticky_enabled=\u00bb0&#8243; custom_margin=\u00bb|0px||0px|false|true\u00bb][\/et_pb_button][\/et_pb_column][\/et_pb_row][\/et_pb_section][et_pb_section fb_built=\u00bb1&#8243; _builder_version=\u00bb4.25.0&#8243; _module_preset=\u00bbdefault\u00bb locked=\u00bboff\u00bb global_colors_info=\u00bb{}\u00bb][et_pb_row _builder_version=\u00bb4.25.0&#8243; _module_preset=\u00bbdefault\u00bb width=\u00bb90%\u00bb max_width=\u00bb1800px\u00bb link_option_url=\u00bbhttps:\/\/sede.agenciatributaria.gob.es\/Sede\/ayuda\/Phishing.html\u00bb global_colors_info=\u00bb{}\u00bb][et_pb_column type=\u00bb4_4&#8243; _builder_version=\u00bb4.25.0&#8243; _module_preset=\u00bbdefault\u00bb global_colors_info=\u00bb{}\u00bb][et_pb_button button_url=\u00bb@ET-DC@eyJkeW5hbWljIjp0cnVlLCJjb250ZW50IjoicG9zdF9saW5rX3VybF9wYWdlIiwic2V0dGluZ3MiOnsicG9zdF9pZCI6IjI4MSJ9fQ==@\u00bb button_text=\u00bbsaber m\u00e1s\u00bb button_alignment=\u00bbcenter\u00bb _builder_version=\u00bb4.25.0&#8243; _dynamic_attributes=\u00bbbutton_url\u00bb _module_preset=\u00bbdefault\u00bb hover_enabled=\u00bb0&#8243; global_colors_info=\u00bb{}\u00bb sticky_enabled=\u00bb0&#8243;][\/et_pb_button][et_pb_heading title=\u00bbAsesoramiento Laboral:\u00bb _builder_version=\u00bb4.25.0&#8243; _module_preset=\u00bbfcb2d3ef-43c9-41a4-96b5-6ed3ffb2cc42&#8243; title_text_align=\u00bbleft\u00bb title_text_color=\u00bb#000000&#8243; title_font_size=\u00bb3vw\u00bb global_colors_info=\u00bb{}\u00bb][\/et_pb_heading][et_pb_text _builder_version=\u00bb4.25.0&#8243; _module_preset=\u00bbdefault\u00bb text_font_size=\u00bb20px\u00bb global_colors_info=\u00bb{}\u00bb]<\/p>\n<p dir=\"ltr\" class=\"zfr3Q CDt4Ke \"><span class=\"C9DxTc \" style=\"color: #000000;\">Consiste en efectuar las gestiones en materia laboral de una empresa, as\u00ed como de asesorar a los propietarios de esta para la observancia de la normativa vigente en materia laboral.<\/span><\/p>\n<p dir=\"ltr\" class=\"zfr3Q CDt4Ke \"><span class=\"C9DxTc \" style=\"color: #000000;\">En definitiva, consiste en gestionar los aspectos relacionados con los trabajadores, como pueden ser:<\/span><\/p>\n<ul class=\"n8H08c UVNKR \">\n<li dir=\"ltr\" class=\"zfr3Q TYR86d eD0Rn \">\n<p dir=\"ltr\" role=\"presentation\" class=\"zfr3Q CDt4Ke \"><span style=\"color: #000000;\"><span class=\"C9DxTc \">Elaboraci\u00f3n y tramitaci\u00f3n de los\u00a0<\/span><span class=\"C9DxTc \">contratos de los trabajadores<\/span><span class=\"C9DxTc \">\u00a0y las\u00a0<\/span><span class=\"C9DxTc \">altas en la Seguridad Social<\/span><span class=\"C9DxTc \">.<\/span><\/span><\/p>\n<\/li>\n<li dir=\"ltr\" class=\"zfr3Q TYR86d eD0Rn \">\n<p dir=\"ltr\" role=\"presentation\" class=\"zfr3Q CDt4Ke \"><span style=\"color: #000000;\"><span class=\"C9DxTc \">Gesti\u00f3n de las\u00a0<\/span><span class=\"C9DxTc \">bajas laborales\u00a0<\/span><span class=\"C9DxTc \">producidas por accidente laboral o enfermedad.<\/span><\/span><\/p>\n<\/li>\n<li dir=\"ltr\" class=\"zfr3Q TYR86d eD0Rn \">\n<p dir=\"ltr\" role=\"presentation\" class=\"zfr3Q CDt4Ke \"><span style=\"color: #000000;\"><span class=\"C9DxTc \">Tramitaci\u00f3n de los\u00a0<\/span><span class=\"C9DxTc \">despidos.<\/span><\/span><\/p>\n<\/li>\n<li dir=\"ltr\" class=\"zfr3Q TYR86d eD0Rn \">\n<p dir=\"ltr\" role=\"presentation\" class=\"zfr3Q CDt4Ke \"><span style=\"color: #000000;\"><span class=\"C9DxTc \">Asesorar sobre las\u00a0<\/span><span class=\"C9DxTc \">obligaciones laborales\u00a0<\/span><span class=\"C9DxTc \">de la empresa.<\/span><\/span><\/p>\n<\/li>\n<li dir=\"ltr\" class=\"zfr3Q TYR86d eD0Rn \">\n<p dir=\"ltr\" role=\"presentation\" class=\"zfr3Q CDt4Ke \"><span style=\"color: #000000;\"><span class=\"C9DxTc \">Elaboraci\u00f3n y ajuste de las\u00a0<\/span><span class=\"C9DxTc \">n\u00f3minas.<\/span><\/span><\/p>\n<\/li>\n<li dir=\"ltr\" class=\"zfr3Q TYR86d eD0Rn \">\n<p dir=\"ltr\" role=\"presentation\" class=\"zfr3Q CDt4Ke \"><span style=\"color: #000000;\"><span class=\"C9DxTc \">Procurar<\/span><span class=\"C9DxTc \">\u00a0el cumplimiento de las\u00a0<\/span><span class=\"C9DxTc \">normas vigentes<\/span><span class=\"C9DxTc \">, salvaguardando los intereses de las partes.<\/span><\/span><\/p>\n<\/li>\n<\/ul>\n<p dir=\"ltr\" class=\"zfr3Q CDt4Ke \"><span style=\"color: #000000;\"><span class=\"C9DxTc \">Este servicio permite\u00a0<\/span><span class=\"C9DxTc \">ahorrar costes<\/span><span class=\"C9DxTc \">,\u00a0<\/span><span class=\"C9DxTc \">optimizar la actividad empresarial y evitar riesgos<\/span><span class=\"C9DxTc \">.<\/span><\/span><\/p>\n<p>[\/et_pb_text][\/et_pb_column][\/et_pb_row][\/et_pb_section][et_pb_section fb_built=\u00bb1&#8243; _builder_version=\u00bb4.25.0&#8243; _module_preset=\u00bbdefault\u00bb custom_padding=\u00bb||0px||false|false\u00bb locked=\u00bboff\u00bb global_colors_info=\u00bb{}\u00bb][et_pb_row _builder_version=\u00bb4.25.0&#8243; _module_preset=\u00bbdefault\u00bb width=\u00bb90%\u00bb max_width=\u00bb1800px\u00bb link_option_url=\u00bbhttps:\/\/sede.agenciatributaria.gob.es\/Sede\/ayuda\/Phishing.html\u00bb global_colors_info=\u00bb{}\u00bb][et_pb_column type=\u00bb4_4&#8243; _builder_version=\u00bb4.25.0&#8243; _module_preset=\u00bbdefault\u00bb global_colors_info=\u00bb{}\u00bb][et_pb_heading title=\u00bbAsesoramiento Contable:\u00bb _builder_version=\u00bb4.25.0&#8243; _module_preset=\u00bbfcb2d3ef-43c9-41a4-96b5-6ed3ffb2cc42&#8243; title_text_align=\u00bbleft\u00bb title_text_color=\u00bb#000000&#8243; title_font_size=\u00bb3vw\u00bb global_colors_info=\u00bb{}\u00bb][\/et_pb_heading][et_pb_text _builder_version=\u00bb4.25.0&#8243; _module_preset=\u00bbdefault\u00bb text_font_size=\u00bb20px\u00bb global_colors_info=\u00bb{}\u00bb]<\/p>\n<p dir=\"ltr\" class=\"zfr3Q CDt4Ke \"><span class=\"C9DxTc \">Realiza la gesti\u00f3n econ\u00f3mica de la empresa, de las facturas, as\u00ed como de los balances contables.<\/span><\/p>\n<p dir=\"ltr\" class=\"zfr3Q CDt4Ke \"><span class=\"C9DxTc \">Monitoriza y analiza la situaci\u00f3n econ\u00f3mica de la empresa para optimizar su gesti\u00f3n, traza estrategias econ\u00f3micas y resuelve la problem\u00e1tica contable.<\/span><\/p>\n<ul class=\"n8H08c UVNKR \">\n<li dir=\"ltr\" class=\"zfr3Q TYR86d eD0Rn \">\n<p dir=\"ltr\" role=\"presentation\" class=\"zfr3Q CDt4Ke \"><span class=\"C9DxTc \">Asesoramiento en base al<span>\u00a0<\/span><\/span><span class=\"C9DxTc \">balance contable<\/span><span class=\"C9DxTc \">.<\/span><\/p>\n<\/li>\n<li dir=\"ltr\" class=\"zfr3Q TYR86d eD0Rn \">\n<p dir=\"ltr\" role=\"presentation\" class=\"zfr3Q CDt4Ke \"><span class=\"C9DxTc \">Gesti\u00f3n y clasificaci\u00f3n de los<span>\u00a0<\/span><\/span><span class=\"C9DxTc \">documentos contables.<\/span><\/p>\n<ul class=\"n8H08c UVNKR \">\n<li dir=\"ltr\" class=\"zfr3Q TYR86d eD0Rn \">\n<ul class=\"n8H08c UVNKR \">\n<li dir=\"ltr\" class=\"zfr3Q TYR86d eD0Rn \">\n<p dir=\"ltr\" role=\"presentation\" class=\"zfr3Q CDt4Ke \"><span class=\"C9DxTc \">Facturas<span>\u00a0<\/span><\/span><span class=\"C9DxTc \">emitidas y recibidas.<\/span><\/p>\n<\/li>\n<li dir=\"ltr\" class=\"zfr3Q TYR86d eD0Rn \">\n<p dir=\"ltr\" role=\"presentation\" class=\"zfr3Q CDt4Ke \"><span class=\"C9DxTc \">C\u00f3mputo de gastos<\/span><span class=\"C9DxTc \">.<\/span><\/p>\n<\/li>\n<li dir=\"ltr\" class=\"zfr3Q TYR86d eD0Rn \">\n<p dir=\"ltr\" role=\"presentation\" class=\"zfr3Q CDt4Ke \"><span class=\"C9DxTc \">Libros contables<\/span><span class=\"C9DxTc \"><span>\u00a0<\/span>obligatorios.<\/span><\/p>\n<\/li>\n<li dir=\"ltr\" class=\"zfr3Q TYR86d eD0Rn \">\n<p dir=\"ltr\" role=\"presentation\" class=\"zfr3Q CDt4Ke \"><span class=\"C9DxTc \">Libro mayor<span>\u00a0<\/span><\/span><span class=\"C9DxTc \">de contabilidad.<\/span><\/p>\n<\/li>\n<\/ul>\n<\/li>\n<\/ul>\n<\/li>\n<li dir=\"ltr\" class=\"zfr3Q TYR86d eD0Rn \">\n<p dir=\"ltr\" role=\"presentation\" class=\"zfr3Q CDt4Ke \"><span class=\"C9DxTc \">Elaboraci\u00f3n de los<span>\u00a0<\/span><\/span><span class=\"C9DxTc \">asientos contables.<\/span><\/p>\n<\/li>\n<li dir=\"ltr\" class=\"zfr3Q TYR86d eD0Rn \">\n<p dir=\"ltr\" role=\"presentation\" class=\"zfr3Q CDt4Ke \"><span class=\"C9DxTc \">Cumplimiento de la<span>\u00a0<\/span><\/span><span class=\"C9DxTc \">normativa vigente.<\/span><\/p>\n<\/li>\n<li dir=\"ltr\" class=\"zfr3Q TYR86d eD0Rn \">\n<p dir=\"ltr\" role=\"presentation\" class=\"zfr3Q CDt4Ke \"><span class=\"C9DxTc \">Certificaci\u00f3n de la<span>\u00a0<\/span><\/span><span class=\"C9DxTc \">aprobaci\u00f3n de las cuentas anuales.<\/span><\/p>\n<\/li>\n<li dir=\"ltr\" class=\"zfr3Q TYR86d eD0Rn \">\n<p dir=\"ltr\" role=\"presentation\" class=\"zfr3Q CDt4Ke \"><span class=\"C9DxTc \">Confecci\u00f3n, revisi\u00f3n y presentaci\u00f3n<\/span><span class=\"C9DxTc \"><span>\u00a0<\/span>de los libros de cuentas ante el<span>\u00a0<\/span><\/span><span class=\"C9DxTc \">Registro Mercantil.<\/span><\/p>\n<\/li>\n<li dir=\"ltr\" class=\"zfr3Q TYR86d eD0Rn \">\n<p dir=\"ltr\" role=\"presentation\" class=\"zfr3Q CDt4Ke \"><span class=\"C9DxTc \">Env\u00edo y legalizaci\u00f3n<span>\u00a0<\/span><\/span><span class=\"C9DxTc \">de las cuentas anuales en el<span>\u00a0<\/span><\/span><span class=\"C9DxTc \">Registro Mercantil.<\/span><\/p>\n<\/li>\n<li dir=\"ltr\" class=\"zfr3Q TYR86d eD0Rn \">\n<p dir=\"ltr\" role=\"presentation\" class=\"zfr3Q CDt4Ke \"><span class=\"C9DxTc \">Cumplimiento del Plan General de Contabilidad.<\/span><\/p>\n<\/li>\n<\/ul>\n<p>[\/et_pb_text][\/et_pb_column][\/et_pb_row][\/et_pb_section][et_pb_section fb_built=\u00bb1&#8243; _builder_version=\u00bb4.25.0&#8243; _module_preset=\u00bbdefault\u00bb custom_padding=\u00bb0px||0px||true|false\u00bb global_colors_info=\u00bb{}\u00bb][et_pb_row column_structure=\u00bb1_2,1_2&#8243; _builder_version=\u00bb4.25.0&#8243; _module_preset=\u00bbdefault\u00bb global_colors_info=\u00bb{}\u00bb][et_pb_column type=\u00bb1_2&#8243; _builder_version=\u00bb4.25.0&#8243; _module_preset=\u00bbdefault\u00bb global_colors_info=\u00bb{}\u00bb][\/et_pb_column][et_pb_column type=\u00bb1_2&#8243; _builder_version=\u00bb4.25.0&#8243; _module_preset=\u00bbdefault\u00bb global_colors_info=\u00bb{}\u00bb][\/et_pb_column][\/et_pb_row][\/et_pb_section][et_pb_section fb_built=\u00bb1&#8243; _builder_version=\u00bb4.25.0&#8243; _module_preset=\u00bbdefault\u00bb background_color=\u00bbrgba(0,0,0,0.09)\u00bb locked=\u00bboff\u00bb global_colors_info=\u00bb{}\u00bb][et_pb_row _builder_version=\u00bb4.25.0&#8243; _module_preset=\u00bbdefault\u00bb width=\u00bb90%\u00bb max_width=\u00bb1800px\u00bb link_option_url=\u00bbhttps:\/\/sede.agenciatributaria.gob.es\/Sede\/ayuda\/Phishing.html\u00bb global_colors_info=\u00bb{}\u00bb][et_pb_column type=\u00bb4_4&#8243; _builder_version=\u00bb4.25.0&#8243; _module_preset=\u00bbdefault\u00bb global_colors_info=\u00bb{}\u00bb][et_pb_heading title=\u00bbAsesoramiento Fiscal:\u00bb _builder_version=\u00bb4.25.0&#8243; _module_preset=\u00bbfcb2d3ef-43c9-41a4-96b5-6ed3ffb2cc42&#8243; title_text_align=\u00bbleft\u00bb title_text_color=\u00bb#000000&#8243; title_font_size=\u00bb3vw\u00bb global_colors_info=\u00bb{}\u00bb][\/et_pb_heading][et_pb_text _builder_version=\u00bb4.25.0&#8243; _module_preset=\u00bbdefault\u00bb text_font_size=\u00bb20px\u00bb global_colors_info=\u00bb{}\u00bb]<\/p>\n<p dir=\"ltr\" class=\"zfr3Q CDt4Ke \"><span class=\"C9DxTc \" style=\"color: #000000;\">Gestiona el cumplimiento de las obligaciones tributarias ante las administraciones.<\/span><\/p>\n<p dir=\"ltr\" class=\"zfr3Q CDt4Ke \"><span class=\"C9DxTc \" style=\"color: #000000;\"><\/span><\/p>\n<ul class=\"n8H08c UVNKR \">\n<li dir=\"ltr\" class=\"zfr3Q TYR86d eD0Rn \">\n<p dir=\"ltr\" role=\"presentation\" class=\"zfr3Q CDt4Ke \"><span style=\"color: #000000;\"><span class=\"C9DxTc \">Ayuda en la\u00a0<\/span><span class=\"C9DxTc \">gesti\u00f3n tributaria<\/span><span class=\"C9DxTc \">.<\/span><\/span><\/p>\n<\/li>\n<li dir=\"ltr\" class=\"zfr3Q TYR86d eD0Rn \">\n<p dir=\"ltr\" role=\"presentation\" class=\"zfr3Q CDt4Ke \"><span style=\"color: #000000;\"><span class=\"C9DxTc \">Vela por el cumplimiento de las\u00a0<\/span><span class=\"C9DxTc \">obligaciones fiscales<\/span><span class=\"C9DxTc \">.<\/span><\/span><\/p>\n<\/li>\n<li dir=\"ltr\" class=\"zfr3Q TYR86d eD0Rn \">\n<p dir=\"ltr\" role=\"presentation\" class=\"zfr3Q CDt4Ke \"><span style=\"color: #000000;\"><span class=\"C9DxTc \">Conocimiento de las\u00a0<\/span><span class=\"C9DxTc \">novedades y modificaciones legales<\/span><span class=\"C9DxTc \">.<\/span><\/span><\/p>\n<\/li>\n<li dir=\"ltr\" class=\"zfr3Q TYR86d eD0Rn \">\n<p dir=\"ltr\" role=\"presentation\" class=\"zfr3Q CDt4Ke \"><span style=\"color: #000000;\"><span class=\"C9DxTc \">Estudio de la\u00a0<\/span><span class=\"C9DxTc \">contabilidad<\/span><span class=\"C9DxTc \">\u00a0de la empresa para tener el menor impacto tributario posible, dentro del cumplimiento de la normativa.<\/span><\/span><\/p>\n<\/li>\n<li dir=\"ltr\" class=\"zfr3Q TYR86d eD0Rn \">\n<p dir=\"ltr\" role=\"presentation\" class=\"zfr3Q CDt4Ke \"><span style=\"color: #000000;\"><span class=\"C9DxTc \">Estudio y asesoramiento en la\u00a0<\/span><span class=\"C9DxTc \">creaci\u00f3n de nuevas empresas y estructuras societarias<\/span><span class=\"C9DxTc \">.<\/span><\/span><\/p>\n<\/li>\n<li dir=\"ltr\" class=\"zfr3Q TYR86d eD0Rn \">\n<p dir=\"ltr\" role=\"presentation\" class=\"zfr3Q CDt4Ke \"><span style=\"color: #000000;\"><span class=\"C9DxTc \">Elaboraci\u00f3n de\u00a0<\/span><span class=\"C9DxTc \">Impuestos de Actividades Econ\u00f3micas y declaraciones censales<\/span><span class=\"C9DxTc \">.<\/span><\/span><\/p>\n<\/li>\n<li dir=\"ltr\" class=\"zfr3Q TYR86d eD0Rn \">\n<p dir=\"ltr\" role=\"presentation\" class=\"zfr3Q CDt4Ke \"><span style=\"color: #000000;\"><span class=\"C9DxTc \">Liquidaciones trimestrales<\/span><span class=\"C9DxTc \">\u00a0de IVA, IRPF.<\/span><\/span><\/p>\n<\/li>\n<li dir=\"ltr\" class=\"zfr3Q TYR86d eD0Rn \">\n<p dir=\"ltr\" role=\"presentation\" class=\"zfr3Q CDt4Ke \"><span style=\"color: #000000;\"><span class=\"C9DxTc \">Declaraci\u00f3n y\u00a0<\/span><span class=\"C9DxTc \">presentaci\u00f3n de los impuestos<\/span><span class=\"C9DxTc \">\u00a0de sociedades.<\/span><\/span><\/p>\n<\/li>\n<li dir=\"ltr\" class=\"zfr3Q TYR86d eD0Rn \">\n<p dir=\"ltr\" role=\"presentation\" class=\"zfr3Q CDt4Ke \"><span style=\"color: #000000;\"><span class=\"C9DxTc \">Declaraci\u00f3n y presentaci\u00f3n del\u00a0<\/span><span class=\"C9DxTc \">IRPF<\/span><span class=\"C9DxTc \">.<\/span><\/span><\/p>\n<\/li>\n<li dir=\"ltr\" class=\"zfr3Q TYR86d eD0Rn \">\n<p dir=\"ltr\" role=\"presentation\" class=\"zfr3Q CDt4Ke \"><span style=\"color: #000000;\"><span class=\"C9DxTc \">Gesti\u00f3n de pagos fraccionados y retenciones<\/span><span class=\"C9DxTc \">.<\/span><\/span><\/p>\n<\/li>\n<li dir=\"ltr\" class=\"zfr3Q TYR86d eD0Rn \">\n<p dir=\"ltr\" role=\"presentation\" class=\"zfr3Q CDt4Ke \"><span style=\"color: #000000;\"><span class=\"C9DxTc \">Asistencia, intervenci\u00f3n y representaci\u00f3n<\/span><span class=\"C9DxTc \">\u00a0del aut\u00f3nomo o empresa ante la Inspecci\u00f3n Tributaria.<\/span><\/span><\/p>\n<\/li>\n<li dir=\"ltr\" class=\"zfr3Q TYR86d eD0Rn \">\n<p dir=\"ltr\" role=\"presentation\" class=\"zfr3Q CDt4Ke \"><span style=\"color: #000000;\"><span class=\"C9DxTc \">Gesti\u00f3n de\u00a0<\/span><span class=\"C9DxTc \">requerimientos, comunicados con Hacienda y solicitudes de aplazamientos<\/span><span class=\"C9DxTc \">.<\/span><\/span><\/p>\n<\/li>\n<li dir=\"ltr\" class=\"zfr3Q TYR86d eD0Rn \">\n<p dir=\"ltr\" role=\"presentation\" class=\"zfr3Q CDt4Ke \"><span style=\"color: #000000;\"><span class=\"C9DxTc \">Defensa fiscal, revisiones fiscales, recursos y reclamaciones, presentaci\u00f3n de estos<\/span><span class=\"C9DxTc \">.<\/span><span class=\"C9DxTc \">[1]<\/span><\/span><\/p>\n<\/li>\n<li dir=\"ltr\" class=\"zfr3Q TYR86d eD0Rn \">\n<p dir=\"ltr\" role=\"presentation\" class=\"zfr3Q CDt4Ke \"><span class=\"C9DxTc \" style=\"color: #000000;\">Gesti\u00f3n de apoderamientos.<\/span><\/p>\n<\/li>\n<\/ul>\n<p>[\/et_pb_text][\/et_pb_column][\/et_pb_row][\/et_pb_section]<\/p>\n","protected":false},"excerpt":{"rendered":"<p>Consiste en efectuar las gestiones en materia laboral de una empresa, as\u00ed como de asesorar a los propietarios de esta para la observancia de la normativa vigente en materia laboral. En definitiva, consiste en gestionar los aspectos relacionados con los trabajadores, como pueden ser: Elaboraci\u00f3n y tramitaci\u00f3n de los\u00a0contratos de los trabajadores\u00a0y las\u00a0altas en la [&hellip;]<\/p>\n","protected":false},"author":1,"featured_media":0,"parent":0,"menu_order":0,"comment_status":"closed","ping_status":"closed","template":"","meta":{"_et_pb_use_builder":"on","_et_pb_old_content":"<!-- wp:divi\/placeholder \/-->","_et_gb_content_width":"","footnotes":""},"class_list":["post-84","page","type-page","status-publish","hentry"],"yoast_head":"<!-- This site is optimized with the Yoast SEO plugin v26.2 - https:\/\/yoast.com\/wordpress\/plugins\/seo\/ -->\n<title>Asesor\u00eda Laboral, Fiscal y Contable - Asesoria Odara<\/title>\n<meta name=\"description\" content=\"ASESOR\u00cdA LABORAL FISCAL Y CONTABLE, Soluciones adaptadas a las necesidades de tu negocio. Contacta ahora y simplifica tu gesti\u00f3n empresarial.\" \/>\n<meta name=\"robots\" content=\"index, follow, max-snippet:-1, max-image-preview:large, max-video-preview:-1\" \/>\n<link rel=\"canonical\" href=\"https:\/\/asesoriaodara.com\/index.php\/asesoria-laboral-fiscal-y-contable\/\" \/>\n<meta property=\"og:locale\" content=\"es_ES\" \/>\n<meta property=\"og:type\" content=\"article\" \/>\n<meta property=\"og:title\" content=\"Asesor\u00eda Laboral, Fiscal y Contable - Asesoria Odara\" \/>\n<meta property=\"og:description\" content=\"ASESOR\u00cdA LABORAL FISCAL Y CONTABLE, Soluciones adaptadas a las necesidades de tu negocio. Contacta ahora y simplifica tu gesti\u00f3n empresarial.\" \/>\n<meta property=\"og:url\" content=\"https:\/\/asesoriaodara.com\/index.php\/asesoria-laboral-fiscal-y-contable\/\" \/>\n<meta property=\"og:site_name\" content=\"Asesoria Odara\" \/>\n<meta property=\"article:publisher\" content=\"https:\/\/www.instagram.com\/odara_asesoria\/\" \/>\n<meta property=\"article:modified_time\" content=\"2024-06-28T10:14:13+00:00\" \/>\n<meta name=\"twitter:card\" content=\"summary_large_image\" \/>\n<meta name=\"twitter:label1\" content=\"Tiempo de lectura\" \/>\n\t<meta name=\"twitter:data1\" content=\"2 minutos\" \/>\n<script type=\"application\/ld+json\" class=\"yoast-schema-graph\">{\"@context\":\"https:\/\/schema.org\",\"@graph\":[{\"@type\":\"WebPage\",\"@id\":\"https:\/\/asesoriaodara.com\/index.php\/asesoria-laboral-fiscal-y-contable\/\",\"url\":\"https:\/\/asesoriaodara.com\/index.php\/asesoria-laboral-fiscal-y-contable\/\",\"name\":\"Asesor\u00eda Laboral, Fiscal y Contable - Asesoria Odara\",\"isPartOf\":{\"@id\":\"https:\/\/asesoriaodara.com\/#website\"},\"datePublished\":\"2024-04-29T09:52:07+00:00\",\"dateModified\":\"2024-06-28T10:14:13+00:00\",\"description\":\"ASESOR\u00cdA LABORAL FISCAL Y CONTABLE, Soluciones adaptadas a las necesidades de tu negocio. Contacta ahora y simplifica tu gesti\u00f3n empresarial.\",\"breadcrumb\":{\"@id\":\"https:\/\/asesoriaodara.com\/index.php\/asesoria-laboral-fiscal-y-contable\/#breadcrumb\"},\"inLanguage\":\"es\",\"potentialAction\":[{\"@type\":\"ReadAction\",\"target\":[\"https:\/\/asesoriaodara.com\/index.php\/asesoria-laboral-fiscal-y-contable\/\"]}]},{\"@type\":\"BreadcrumbList\",\"@id\":\"https:\/\/asesoriaodara.com\/index.php\/asesoria-laboral-fiscal-y-contable\/#breadcrumb\",\"itemListElement\":[{\"@type\":\"ListItem\",\"position\":1,\"name\":\"Portada\",\"item\":\"https:\/\/asesoriaodara.com\/\"},{\"@type\":\"ListItem\",\"position\":2,\"name\":\"Asesor\u00eda Laboral, Fiscal y Contable\"}]},{\"@type\":\"WebSite\",\"@id\":\"https:\/\/asesoriaodara.com\/#website\",\"url\":\"https:\/\/asesoriaodara.com\/\",\"name\":\"Asesoria Odara\",\"description\":\"\",\"potentialAction\":[{\"@type\":\"SearchAction\",\"target\":{\"@type\":\"EntryPoint\",\"urlTemplate\":\"https:\/\/asesoriaodara.com\/?s={search_term_string}\"},\"query-input\":{\"@type\":\"PropertyValueSpecification\",\"valueRequired\":true,\"valueName\":\"search_term_string\"}}],\"inLanguage\":\"es\"}]}<\/script>\n<!-- \/ Yoast SEO plugin. -->","yoast_head_json":{"title":"Asesor\u00eda Laboral, Fiscal y Contable - Asesoria Odara","description":"ASESOR\u00cdA LABORAL FISCAL Y CONTABLE, Soluciones adaptadas a las necesidades de tu negocio. Contacta ahora y simplifica tu gesti\u00f3n empresarial.","robots":{"index":"index","follow":"follow","max-snippet":"max-snippet:-1","max-image-preview":"max-image-preview:large","max-video-preview":"max-video-preview:-1"},"canonical":"https:\/\/asesoriaodara.com\/index.php\/asesoria-laboral-fiscal-y-contable\/","og_locale":"es_ES","og_type":"article","og_title":"Asesor\u00eda Laboral, Fiscal y Contable - Asesoria Odara","og_description":"ASESOR\u00cdA LABORAL FISCAL Y CONTABLE, Soluciones adaptadas a las necesidades de tu negocio. Contacta ahora y simplifica tu gesti\u00f3n empresarial.","og_url":"https:\/\/asesoriaodara.com\/index.php\/asesoria-laboral-fiscal-y-contable\/","og_site_name":"Asesoria Odara","article_publisher":"https:\/\/www.instagram.com\/odara_asesoria\/","article_modified_time":"2024-06-28T10:14:13+00:00","twitter_card":"summary_large_image","twitter_misc":{"Tiempo de lectura":"2 minutos"},"schema":{"@context":"https:\/\/schema.org","@graph":[{"@type":"WebPage","@id":"https:\/\/asesoriaodara.com\/index.php\/asesoria-laboral-fiscal-y-contable\/","url":"https:\/\/asesoriaodara.com\/index.php\/asesoria-laboral-fiscal-y-contable\/","name":"Asesor\u00eda Laboral, Fiscal y Contable - Asesoria Odara","isPartOf":{"@id":"https:\/\/asesoriaodara.com\/#website"},"datePublished":"2024-04-29T09:52:07+00:00","dateModified":"2024-06-28T10:14:13+00:00","description":"ASESOR\u00cdA LABORAL FISCAL Y CONTABLE, Soluciones adaptadas a las necesidades de tu negocio. Contacta ahora y simplifica tu gesti\u00f3n empresarial.","breadcrumb":{"@id":"https:\/\/asesoriaodara.com\/index.php\/asesoria-laboral-fiscal-y-contable\/#breadcrumb"},"inLanguage":"es","potentialAction":[{"@type":"ReadAction","target":["https:\/\/asesoriaodara.com\/index.php\/asesoria-laboral-fiscal-y-contable\/"]}]},{"@type":"BreadcrumbList","@id":"https:\/\/asesoriaodara.com\/index.php\/asesoria-laboral-fiscal-y-contable\/#breadcrumb","itemListElement":[{"@type":"ListItem","position":1,"name":"Portada","item":"https:\/\/asesoriaodara.com\/"},{"@type":"ListItem","position":2,"name":"Asesor\u00eda Laboral, Fiscal y Contable"}]},{"@type":"WebSite","@id":"https:\/\/asesoriaodara.com\/#website","url":"https:\/\/asesoriaodara.com\/","name":"Asesoria Odara","description":"","potentialAction":[{"@type":"SearchAction","target":{"@type":"EntryPoint","urlTemplate":"https:\/\/asesoriaodara.com\/?s={search_term_string}"},"query-input":{"@type":"PropertyValueSpecification","valueRequired":true,"valueName":"search_term_string"}}],"inLanguage":"es"}]}},"_links":{"self":[{"href":"https:\/\/asesoriaodara.com\/index.php\/wp-json\/wp\/v2\/pages\/84","targetHints":{"allow":["GET"]}}],"collection":[{"href":"https:\/\/asesoriaodara.com\/index.php\/wp-json\/wp\/v2\/pages"}],"about":[{"href":"https:\/\/asesoriaodara.com\/index.php\/wp-json\/wp\/v2\/types\/page"}],"author":[{"embeddable":true,"href":"https:\/\/asesoriaodara.com\/index.php\/wp-json\/wp\/v2\/users\/1"}],"replies":[{"embeddable":true,"href":"https:\/\/asesoriaodara.com\/index.php\/wp-json\/wp\/v2\/comments?post=84"}],"version-history":[{"count":7,"href":"https:\/\/asesoriaodara.com\/index.php\/wp-json\/wp\/v2\/pages\/84\/revisions"}],"predecessor-version":[{"id":767,"href":"https:\/\/asesoriaodara.com\/index.php\/wp-json\/wp\/v2\/pages\/84\/revisions\/767"}],"wp:attachment":[{"href":"https:\/\/asesoriaodara.com\/index.php\/wp-json\/wp\/v2\/media?parent=84"}],"curies":[{"name":"wp","href":"https:\/\/api.w.org\/{rel}","templated":true}]}}