{"id":88,"date":"2024-04-29T11:52:56","date_gmt":"2024-04-29T09:52:56","guid":{"rendered":"https:\/\/asesoriaodara.com\/?page_id=88"},"modified":"2024-09-22T18:49:05","modified_gmt":"2024-09-22T16:49:05","slug":"gestion-global-administrativa","status":"publish","type":"page","link":"https:\/\/asesoriaodara.com\/index.php\/gestion-global-administrativa\/","title":{"rendered":"Gesti\u00f3n Global Administrativa"},"content":{"rendered":"<p>[et_pb_section fb_built=\u00bb1&#8243; admin_label=\u00bbHeader\u00bb _builder_version=\u00bb4.25.0&#8243; _module_preset=\u00bbdefault\u00bb use_background_color_gradient=\u00bbon\u00bb background_color_gradient_stops=\u00bbrgba(0,0,0,0.3) 0%|rgba(0,0,0,0.3) 100%\u00bb background_color_gradient_overlays_image=\u00bbon\u00bb background_image=\u00bbhttps:\/\/asesoriaodara.com\/wp-content\/uploads\/2024\/04\/xfGn6FU1kJfEtb3JquiJwim2mVzng870P7i2Wj7JnyNPQsN7-EflOTN4nh6NmJGLgmfw8zOVljyPVqUs0.jpg\u00bb positioning=\u00bbnone\u00bb z_index=\u00bb1&#8243; locked=\u00bboff\u00bb collapsed=\u00bbon\u00bb global_colors_info=\u00bb{}\u00bb][et_pb_row _builder_version=\u00bb4.25.0&#8243; _module_preset=\u00bbdefault\u00bb custom_margin=\u00bb91px||||false|false\u00bb global_colors_info=\u00bb{}\u00bb][et_pb_column type=\u00bb4_4&#8243; admin_label=\u00bbColumna\u00bb _builder_version=\u00bb4.22.0&#8243; _module_preset=\u00bbdefault\u00bb global_colors_info=\u00bb{}\u00bb][et_pb_text _builder_version=\u00bb4.25.0&#8243; _module_preset=\u00bb4da8a8f5-e4fc-4738-9dae-465bd5949ed6&#8243; header_text_color=\u00bb#FFFFFF\u00bb custom_margin=\u00bb|-89px||||\u00bb global_colors_info=\u00bb{}\u00bb]<\/p>\n<h1 dir=\"ltr\" class=\"zfr3Q duRjpb CDt4Ke \" style=\"text-align: left;\">Gesti\u00f3n Global\u00a0<\/h1>\n<h1 dir=\"ltr\" class=\"zfr3Q duRjpb CDt4Ke \" style=\"text-align: left;\"><span class=\"wOzGn C9DxTc \"><\/span><span class=\"wOzGn C9DxTc \">Administrativa.<\/span><span class=\"wOzGn C9DxTc \"><\/span><span class=\"wOzGn C9DxTc \"><\/span><span class=\"wOzGn C9DxTc \"><\/span><span class=\"wOzGn C9DxTc \"><\/span><span class=\"wOzGn C9DxTc \"><\/span><span class=\"wOzGn C9DxTc \"><\/span><span class=\"wOzGn C9DxTc \"><\/span><span class=\"wOzGn C9DxTc \"><\/span><\/h1>\n<p><span class=\"wOzGn C9DxTc \"><\/span><\/p>\n<p>[\/et_pb_text][\/et_pb_column][\/et_pb_row][\/et_pb_section][et_pb_section fb_built=\u00bb1&#8243; admin_label=\u00bbFooter Copyright\u00bb _builder_version=\u00bb4.25.0&#8243; _module_preset=\u00bbdefault\u00bb background_color=\u00bb#000000&#8243; custom_margin=\u00bb0px||||false|false\u00bb custom_padding=\u00bb0px||0px||true|false\u00bb saved_tabs=\u00bball\u00bb locked=\u00bboff\u00bb collapsed=\u00bbon\u00bb global_colors_info=\u00bb{}\u00bb][et_pb_row _builder_version=\u00bb4.25.0&#8243; _module_preset=\u00bbdefault\u00bb custom_margin=\u00bb0px||0px||false|false\u00bb custom_padding=\u00bb0px||0px||false|false\u00bb global_colors_info=\u00bb{}\u00bb][et_pb_column type=\u00bb4_4&#8243; _builder_version=\u00bb4.25.0&#8243; _module_preset=\u00bbdefault\u00bb global_colors_info=\u00bb{}\u00bb][et_pb_text _builder_version=\u00bb4.25.0&#8243; _module_preset=\u00bbdefault\u00bb text_text_color=\u00bb#FFFFFF\u00bb text_font_size=\u00bb30px\u00bb text_line_height=\u00bb1.8em\u00bb custom_margin=\u00bb0px||0px||true|false\u00bb custom_padding=\u00bb0px||0px||true|false\u00bb global_colors_info=\u00bb{}\u00bb]<\/p>\n<div jscontroller=\"Ae65rd\" jsaction=\"touchstart:UrsOsc; click:KjsqPd; focusout:QZoaZ; mouseover:y0pDld; mouseout:dq0hvd;fv1Rjc:jbFSOd;CrfLRd:SzACGe;\" class=\"CjVfdc\" style=\"text-align: center;\"><span class=\"puwcIf C9DxTc \">Gesti\u00f3n administrativa de tu negocio.<\/span><\/div>\n<div jscontroller=\"Ae65rd\" jsaction=\"touchstart:UrsOsc; click:KjsqPd; focusout:QZoaZ; mouseover:y0pDld; mouseout:dq0hvd;fv1Rjc:jbFSOd;CrfLRd:SzACGe;\" class=\"CjVfdc\" style=\"text-align: center;\"><span class=\"puwcIf C9DxTc \">Apoyo y asesoramiento en las funciones administrativas<\/span><span class=\"C9DxTc \">\u00a0<\/span><\/div>\n<p>[\/et_pb_text][\/et_pb_column][\/et_pb_row][\/et_pb_section][et_pb_section fb_built=\u00bb1&#8243; _builder_version=\u00bb4.25.0&#8243; _module_preset=\u00bbdefault\u00bb locked=\u00bboff\u00bb global_colors_info=\u00bb{}\u00bb][et_pb_row column_structure=\u00bb1_3,2_3&#8243; _builder_version=\u00bb4.25.0&#8243; _module_preset=\u00bbdefault\u00bb width=\u00bb100%\u00bb max_width=\u00bb1800px\u00bb link_option_url=\u00bbhttps:\/\/sede.agenciatributaria.gob.es\/Sede\/ayuda\/Phishing.html\u00bb global_colors_info=\u00bb{}\u00bb][et_pb_column type=\u00bb1_3&#8243; _builder_version=\u00bb4.25.0&#8243; _module_preset=\u00bbdefault\u00bb global_colors_info=\u00bb{}\u00bb][et_pb_image src=\u00bbhttps:\/\/asesoriaodara.com\/wp-content\/uploads\/2024\/04\/Untitled-1.jpg\u00bb title_text=\u00bbUntitled (1)\u00bb align=\u00bbcenter\u00bb _builder_version=\u00bb4.25.0&#8243; _module_preset=\u00bbdefault\u00bb width=\u00bb76%\u00bb global_colors_info=\u00bb{}\u00bb][\/et_pb_image][\/et_pb_column][et_pb_column type=\u00bb2_3&#8243; _builder_version=\u00bb4.25.0&#8243; _module_preset=\u00bbdefault\u00bb global_colors_info=\u00bb{}\u00bb][et_pb_heading title=\u00bbGesti\u00f3n administrativa:\u00bb _builder_version=\u00bb4.25.0&#8243; _module_preset=\u00bbfcb2d3ef-43c9-41a4-96b5-6ed3ffb2cc42&#8243; title_text_align=\u00bbleft\u00bb title_text_color=\u00bb#000000&#8243; title_font_size=\u00bb3vw\u00bb global_colors_info=\u00bb{}\u00bb][\/et_pb_heading][et_pb_text _builder_version=\u00bb4.25.0&#8243; _module_preset=\u00bbdefault\u00bb text_font_size=\u00bb20px\u00bb global_colors_info=\u00bb{}\u00bb]<\/p>\n<p dir=\"ltr\" class=\"zfr3Q CDt4Ke \"><span class=\"C9DxTc \">Atenci\u00f3n directa<\/span><span class=\"C9DxTc \">: Vamos a tu negocio, no tienes que desplazarte.<\/span><\/p>\n<p dir=\"ltr\" class=\"zfr3Q CDt4Ke \"><span class=\"C9DxTc \">Control de Gastos e Ingresos<\/span><span class=\"C9DxTc \">: Con la informaci\u00f3n que nos facilite, elaboramos un informe para el control de Gastos e Ingresos.<\/span><\/p>\n<p dir=\"ltr\" class=\"zfr3Q CDt4Ke \"><span class=\"C9DxTc \">Control de Facturas y Albaranes<\/span><span class=\"C9DxTc \">: Recogemos las facturas y albaranes en tu negocio, organiz\u00e1ndolas y archiv\u00e1ndolas para su mejor gesti\u00f3n.<\/span><\/p>\n<p dir=\"ltr\" class=\"zfr3Q CDt4Ke \"><span class=\"C9DxTc \">Tratamiento de Datos Bancarios<\/span><span class=\"C9DxTc \">: Revisamos los apuntes bancarios para que el cliente tenga el control sobre los movimientos, si se han producido y cuando se producen.<\/span><\/p>\n<p dir=\"ltr\" class=\"zfr3Q CDt4Ke \"><span class=\"C9DxTc \">Certificado Digital<\/span><span class=\"C9DxTc \">: Con el Certificado Digital del cliente, realizamos las gestiones que se precisen con las sedes electr\u00f3nicas de las administraciones y otros<span>\u00a0<\/span><\/span><span class=\"C9DxTc \">(Previa autorizaci\u00f3n del cliente)<\/span><span class=\"C9DxTc \">.<\/span><\/p>\n<p dir=\"ltr\" class=\"zfr3Q CDt4Ke \"><span class=\"C9DxTc \">Gesti\u00f3n de comunicados<\/span><span class=\"C9DxTc \">: Se analizan los comunicados que reciba el cliente para su entendimiento y posterior aclaraci\u00f3n al mismo.<\/span><\/p>\n<p dir=\"ltr\" class=\"zfr3Q CDt4Ke \"><span class=\"C9DxTc \">Visitas representadas<\/span><span class=\"C9DxTc \">: En representaci\u00f3n del cliente, asistimos a las diferentes administraciones, proveedores de servicios, etc., para gestionar cualquier incidencia.<\/span><\/p>\n<p dir=\"ltr\" class=\"zfr3Q CDt4Ke \"><span class=\"C9DxTc \">Enlace<\/span><span class=\"C9DxTc \">: Facilitamos la comunicaci\u00f3n con la Asesor\u00eda\/Gestor\u00eda del cliente, as\u00ed como con sus empleados y proveedores.<\/span><span class=\"C9DxTc \">\u00a0<\/span><\/p>\n<p>[\/et_pb_text][\/et_pb_column][\/et_pb_row][\/et_pb_section][et_pb_section fb_built=\u00bb1&#8243; _builder_version=\u00bb4.25.0&#8243; _module_preset=\u00bbdefault\u00bb background_color=\u00bbrgba(0,0,0,0.03)\u00bb custom_padding=\u00bb||0px||false|false\u00bb locked=\u00bboff\u00bb global_colors_info=\u00bb{}\u00bb][et_pb_row _builder_version=\u00bb4.25.0&#8243; _module_preset=\u00bbdefault\u00bb width=\u00bb100%\u00bb max_width=\u00bb1800px\u00bb link_option_url=\u00bbhttps:\/\/sede.agenciatributaria.gob.es\/Sede\/ayuda\/Phishing.html\u00bb global_colors_info=\u00bb{}\u00bb][et_pb_column type=\u00bb4_4&#8243; _builder_version=\u00bb4.25.0&#8243; _module_preset=\u00bbdefault\u00bb global_colors_info=\u00bb{}\u00bb][et_pb_heading title=\u00bbAdem\u00e1s, tenemos estos otros servicios en nuestra Asesor\u00eda:\u00bb _builder_version=\u00bb4.25.0&#8243; _module_preset=\u00bbfcb2d3ef-43c9-41a4-96b5-6ed3ffb2cc42&#8243; title_text_align=\u00bbcenter\u00bb title_text_color=\u00bb#000000&#8243; title_font_size=\u00bb2vw\u00bb global_colors_info=\u00bb{}\u00bb][\/et_pb_heading][\/et_pb_column][\/et_pb_row][et_pb_row column_structure=\u00bb1_3,1_3,1_3&#8243; _builder_version=\u00bb4.25.0&#8243; _module_preset=\u00bbdefault\u00bb global_colors_info=\u00bb{}\u00bb][et_pb_column type=\u00bb1_3&#8243; _builder_version=\u00bb4.25.0&#8243; _module_preset=\u00bbdefault\u00bb global_colors_info=\u00bb{}\u00bb][et_pb_blurb title=\u00bbAsesoramiento Laboral, Fiscal y Contable\u00bb image=\u00bbhttps:\/\/asesoriaodara.com\/wp-content\/uploads\/2024\/04\/Diseno-sin-titulo-1.png\u00bb _builder_version=\u00bb4.25.0&#8243; _module_preset=\u00bbdefault\u00bb header_text_align=\u00bbcenter\u00bb header_text_color=\u00bb#000000&#8243; header_font_size=\u00bb20px\u00bb global_colors_info=\u00bb{}\u00bb][\/et_pb_blurb][\/et_pb_column][et_pb_column type=\u00bb1_3&#8243; _builder_version=\u00bb4.25.0&#8243; _module_preset=\u00bbdefault\u00bb global_colors_info=\u00bb{}\u00bb][et_pb_blurb title=\u00bbAsesoramiento en Seguros\u00bb image=\u00bbhttps:\/\/asesoriaodara.com\/wp-content\/uploads\/2024\/04\/Diseno-sin-titulo-2.png\u00bb _builder_version=\u00bb4.25.0&#8243; _module_preset=\u00bbdefault\u00bb header_text_align=\u00bbcenter\u00bb header_text_color=\u00bb#000000&#8243; header_font_size=\u00bb20px\u00bb global_colors_info=\u00bb{}\u00bb][\/et_pb_blurb][\/et_pb_column][et_pb_column type=\u00bb1_3&#8243; _builder_version=\u00bb4.25.0&#8243; _module_preset=\u00bbdefault\u00bb global_colors_info=\u00bb{}\u00bb][et_pb_blurb title=\u00bbAsesoramiento en Seguridad Privada (en proceso)\u00bb image=\u00bbhttps:\/\/asesoriaodara.com\/wp-content\/uploads\/2024\/04\/Diseno-sin-titulo-3.png\u00bb _builder_version=\u00bb4.25.0&#8243; _module_preset=\u00bbdefault\u00bb header_text_align=\u00bbcenter\u00bb header_text_color=\u00bb#000000&#8243; header_font_size=\u00bb20px\u00bb global_colors_info=\u00bb{}\u00bb][\/et_pb_blurb][\/et_pb_column][\/et_pb_row][\/et_pb_section][et_pb_section fb_built=\u00bb1&#8243; _builder_version=\u00bb4.25.0&#8243; _module_preset=\u00bbdefault\u00bb background_color=\u00bbrgba(0,0,0,0.03)\u00bb custom_margin=\u00bb0px||0px||true|false\u00bb custom_padding=\u00bb0px||0px||false|false\u00bb locked=\u00bboff\u00bb global_colors_info=\u00bb{}\u00bb][et_pb_row _builder_version=\u00bb4.25.0&#8243; _module_preset=\u00bbdefault\u00bb width=\u00bb100%\u00bb max_width=\u00bb1800px\u00bb link_option_url=\u00bbhttps:\/\/sede.agenciatributaria.gob.es\/Sede\/ayuda\/Phishing.html\u00bb global_colors_info=\u00bb{}\u00bb][et_pb_column type=\u00bb4_4&#8243; _builder_version=\u00bb4.25.0&#8243; _module_preset=\u00bbdefault\u00bb global_colors_info=\u00bb{}\u00bb][et_pb_button button_url=\u00bb@ET-DC@eyJkeW5hbWljIjp0cnVlLCJjb250ZW50IjoicG9zdF9saW5rX3VybF9wYWdlIiwic2V0dGluZ3MiOnsicG9zdF9pZCI6IjI4MSJ9fQ==@\u00bb button_text=\u00bbNUESTRAS COSAS\u00bb button_alignment=\u00bbcenter\u00bb _builder_version=\u00bb4.25.0&#8243; _dynamic_attributes=\u00bbbutton_url\u00bb _module_preset=\u00bbdefault\u00bb global_colors_info=\u00bb{}\u00bb][\/et_pb_button][et_pb_heading title=\u00bbinfo@asesoriaodara.com\u00bb _builder_version=\u00bb4.25.0&#8243; _module_preset=\u00bbfcb2d3ef-43c9-41a4-96b5-6ed3ffb2cc42&#8243; title_text_align=\u00bbcenter\u00bb title_text_color=\u00bb#000000&#8243; title_font_size=\u00bb2vw\u00bb global_colors_info=\u00bb{}\u00bb][\/et_pb_heading][\/et_pb_column][\/et_pb_row][\/et_pb_section]<\/p>\n","protected":false},"excerpt":{"rendered":"<p>Gesti\u00f3n Global\u00a0 Administrativa. Gesti\u00f3n administrativa de tu negocio. Apoyo y asesoramiento en las funciones administrativas\u00a0Atenci\u00f3n directa: Vamos a tu negocio, no tienes que desplazarte. Control de Gastos e Ingresos: Con la informaci\u00f3n que nos facilite, elaboramos un informe para el control de Gastos e Ingresos. Control de Facturas y Albaranes: Recogemos las facturas y albaranes [&hellip;]<\/p>\n","protected":false},"author":1,"featured_media":0,"parent":0,"menu_order":0,"comment_status":"closed","ping_status":"closed","template":"","meta":{"_et_pb_use_builder":"on","_et_pb_old_content":"<!-- wp:divi\/placeholder \/-->","_et_gb_content_width":"","footnotes":""},"class_list":["post-88","page","type-page","status-publish","hentry"],"yoast_head":"<!-- This site is optimized with the Yoast SEO plugin v26.2 - https:\/\/yoast.com\/wordpress\/plugins\/seo\/ -->\n<title>Gesti\u00f3n Global Administrativa<\/title>\n<meta name=\"description\" content=\"Gesti\u00f3n Global Administrativa, Soluciones adaptadas a las necesidades de tu negocio. Contacta ahora y simplifica tu gesti\u00f3n empresarial.\" \/>\n<meta name=\"robots\" content=\"index, follow, max-snippet:-1, max-image-preview:large, max-video-preview:-1\" \/>\n<link rel=\"canonical\" href=\"https:\/\/asesoriaodara.com\/index.php\/gestion-global-administrativa\/\" \/>\n<meta property=\"og:locale\" content=\"es_ES\" \/>\n<meta property=\"og:type\" content=\"article\" \/>\n<meta property=\"og:title\" content=\"Gesti\u00f3n Global Administrativa\" \/>\n<meta property=\"og:description\" content=\"Gesti\u00f3n Global Administrativa, Soluciones adaptadas a las necesidades de tu negocio. Contacta ahora y simplifica tu gesti\u00f3n empresarial.\" \/>\n<meta property=\"og:url\" content=\"https:\/\/asesoriaodara.com\/index.php\/gestion-global-administrativa\/\" \/>\n<meta property=\"og:site_name\" content=\"Asesoria Odara\" \/>\n<meta property=\"article:publisher\" content=\"https:\/\/www.instagram.com\/odara_asesoria\/\" \/>\n<meta property=\"article:modified_time\" content=\"2024-09-22T16:49:05+00:00\" \/>\n<meta name=\"twitter:card\" content=\"summary_large_image\" \/>\n<meta name=\"twitter:label1\" content=\"Tiempo de lectura\" \/>\n\t<meta name=\"twitter:data1\" content=\"2 minutos\" \/>\n<script type=\"application\/ld+json\" class=\"yoast-schema-graph\">{\"@context\":\"https:\/\/schema.org\",\"@graph\":[{\"@type\":\"WebPage\",\"@id\":\"https:\/\/asesoriaodara.com\/index.php\/gestion-global-administrativa\/\",\"url\":\"https:\/\/asesoriaodara.com\/index.php\/gestion-global-administrativa\/\",\"name\":\"Gesti\u00f3n Global Administrativa\",\"isPartOf\":{\"@id\":\"https:\/\/asesoriaodara.com\/#website\"},\"datePublished\":\"2024-04-29T09:52:56+00:00\",\"dateModified\":\"2024-09-22T16:49:05+00:00\",\"description\":\"Gesti\u00f3n Global Administrativa, Soluciones adaptadas a las necesidades de tu negocio. Contacta ahora y simplifica tu gesti\u00f3n empresarial.\",\"breadcrumb\":{\"@id\":\"https:\/\/asesoriaodara.com\/index.php\/gestion-global-administrativa\/#breadcrumb\"},\"inLanguage\":\"es\",\"potentialAction\":[{\"@type\":\"ReadAction\",\"target\":[\"https:\/\/asesoriaodara.com\/index.php\/gestion-global-administrativa\/\"]}]},{\"@type\":\"BreadcrumbList\",\"@id\":\"https:\/\/asesoriaodara.com\/index.php\/gestion-global-administrativa\/#breadcrumb\",\"itemListElement\":[{\"@type\":\"ListItem\",\"position\":1,\"name\":\"Portada\",\"item\":\"https:\/\/asesoriaodara.com\/\"},{\"@type\":\"ListItem\",\"position\":2,\"name\":\"Gesti\u00f3n Global Administrativa\"}]},{\"@type\":\"WebSite\",\"@id\":\"https:\/\/asesoriaodara.com\/#website\",\"url\":\"https:\/\/asesoriaodara.com\/\",\"name\":\"Asesoria Odara\",\"description\":\"\",\"potentialAction\":[{\"@type\":\"SearchAction\",\"target\":{\"@type\":\"EntryPoint\",\"urlTemplate\":\"https:\/\/asesoriaodara.com\/?s={search_term_string}\"},\"query-input\":{\"@type\":\"PropertyValueSpecification\",\"valueRequired\":true,\"valueName\":\"search_term_string\"}}],\"inLanguage\":\"es\"}]}<\/script>\n<!-- \/ Yoast SEO plugin. -->","yoast_head_json":{"title":"Gesti\u00f3n Global Administrativa","description":"Gesti\u00f3n Global Administrativa, Soluciones adaptadas a las necesidades de tu negocio. Contacta ahora y simplifica tu gesti\u00f3n empresarial.","robots":{"index":"index","follow":"follow","max-snippet":"max-snippet:-1","max-image-preview":"max-image-preview:large","max-video-preview":"max-video-preview:-1"},"canonical":"https:\/\/asesoriaodara.com\/index.php\/gestion-global-administrativa\/","og_locale":"es_ES","og_type":"article","og_title":"Gesti\u00f3n Global Administrativa","og_description":"Gesti\u00f3n Global Administrativa, Soluciones adaptadas a las necesidades de tu negocio. Contacta ahora y simplifica tu gesti\u00f3n empresarial.","og_url":"https:\/\/asesoriaodara.com\/index.php\/gestion-global-administrativa\/","og_site_name":"Asesoria Odara","article_publisher":"https:\/\/www.instagram.com\/odara_asesoria\/","article_modified_time":"2024-09-22T16:49:05+00:00","twitter_card":"summary_large_image","twitter_misc":{"Tiempo de lectura":"2 minutos"},"schema":{"@context":"https:\/\/schema.org","@graph":[{"@type":"WebPage","@id":"https:\/\/asesoriaodara.com\/index.php\/gestion-global-administrativa\/","url":"https:\/\/asesoriaodara.com\/index.php\/gestion-global-administrativa\/","name":"Gesti\u00f3n Global Administrativa","isPartOf":{"@id":"https:\/\/asesoriaodara.com\/#website"},"datePublished":"2024-04-29T09:52:56+00:00","dateModified":"2024-09-22T16:49:05+00:00","description":"Gesti\u00f3n Global Administrativa, Soluciones adaptadas a las necesidades de tu negocio. Contacta ahora y simplifica tu gesti\u00f3n empresarial.","breadcrumb":{"@id":"https:\/\/asesoriaodara.com\/index.php\/gestion-global-administrativa\/#breadcrumb"},"inLanguage":"es","potentialAction":[{"@type":"ReadAction","target":["https:\/\/asesoriaodara.com\/index.php\/gestion-global-administrativa\/"]}]},{"@type":"BreadcrumbList","@id":"https:\/\/asesoriaodara.com\/index.php\/gestion-global-administrativa\/#breadcrumb","itemListElement":[{"@type":"ListItem","position":1,"name":"Portada","item":"https:\/\/asesoriaodara.com\/"},{"@type":"ListItem","position":2,"name":"Gesti\u00f3n Global Administrativa"}]},{"@type":"WebSite","@id":"https:\/\/asesoriaodara.com\/#website","url":"https:\/\/asesoriaodara.com\/","name":"Asesoria Odara","description":"","potentialAction":[{"@type":"SearchAction","target":{"@type":"EntryPoint","urlTemplate":"https:\/\/asesoriaodara.com\/?s={search_term_string}"},"query-input":{"@type":"PropertyValueSpecification","valueRequired":true,"valueName":"search_term_string"}}],"inLanguage":"es"}]}},"_links":{"self":[{"href":"https:\/\/asesoriaodara.com\/index.php\/wp-json\/wp\/v2\/pages\/88","targetHints":{"allow":["GET"]}}],"collection":[{"href":"https:\/\/asesoriaodara.com\/index.php\/wp-json\/wp\/v2\/pages"}],"about":[{"href":"https:\/\/asesoriaodara.com\/index.php\/wp-json\/wp\/v2\/types\/page"}],"author":[{"embeddable":true,"href":"https:\/\/asesoriaodara.com\/index.php\/wp-json\/wp\/v2\/users\/1"}],"replies":[{"embeddable":true,"href":"https:\/\/asesoriaodara.com\/index.php\/wp-json\/wp\/v2\/comments?post=88"}],"version-history":[{"count":13,"href":"https:\/\/asesoriaodara.com\/index.php\/wp-json\/wp\/v2\/pages\/88\/revisions"}],"predecessor-version":[{"id":800,"href":"https:\/\/asesoriaodara.com\/index.php\/wp-json\/wp\/v2\/pages\/88\/revisions\/800"}],"wp:attachment":[{"href":"https:\/\/asesoriaodara.com\/index.php\/wp-json\/wp\/v2\/media?parent=88"}],"curies":[{"name":"wp","href":"https:\/\/api.w.org\/{rel}","templated":true}]}}